{"id":6,"date":"2023-10-23T22:10:23","date_gmt":"2023-10-23T20:10:23","guid":{"rendered":"https:\/\/hyunjoochoi.fr\/?page_id=6"},"modified":"2025-04-15T22:27:29","modified_gmt":"2025-04-15T20:27:29","slug":"presentation-de-lartiste","status":"publish","type":"page","link":"https:\/\/hyunjoochoi.fr\/?page_id=6","title":{"rendered":"Artiste"},"content":{"rendered":"\n<h2 class=\"wp-block-heading\">Hyunjoo CHOI<\/h2>\n\n\n\n<figure class=\"wp-block-image size-large\"><img loading=\"lazy\" decoding=\"async\" width=\"768\" height=\"1024\" src=\"http:\/\/hyunjoochoi.fr\/wp-content\/uploads\/2025\/04\/20250320_2057561-768x1024.jpg\" alt=\"\" class=\"wp-image-264\" srcset=\"https:\/\/hyunjoochoi.fr\/wp-content\/uploads\/2025\/04\/20250320_2057561-768x1024.jpg 768w, https:\/\/hyunjoochoi.fr\/wp-content\/uploads\/2025\/04\/20250320_2057561-225x300.jpg 225w, https:\/\/hyunjoochoi.fr\/wp-content\/uploads\/2025\/04\/20250320_2057561-1152x1536.jpg 1152w, https:\/\/hyunjoochoi.fr\/wp-content\/uploads\/2025\/04\/20250320_2057561-1536x2048.jpg 1536w, https:\/\/hyunjoochoi.fr\/wp-content\/uploads\/2025\/04\/20250320_2057561-scaled.jpg 1920w\" sizes=\"auto, (max-width: 768px) 100vw, 768px\" \/><\/figure>\n\n\n\n<p>\u00c0 la recherche de la cit\u00e9 perdue<\/p>\n\n\n\n<p class=\"has-text-align-left\">Mon travail r\u00e9cent de dessin s\u2019inscrit dans une r\u00e9flexion sur la perte et la m\u00e9moire, n\u00e9e du poids oppressant d\u2019un monde o\u00f9 ce qui me semblait autrefois \u00e9vident ne l\u2019est plus. Pendant la p\u00e9riode du Covid, j\u2019ai ressenti cette privation avec acuit\u00e9 et me suis laiss\u00e9e guider par des cartes routi\u00e8res trouv\u00e9es par hasard, y projetant mon d\u00e9sir d\u2019\u00e9vasion et de libert\u00e9. Chaque cube pos\u00e9 devenait un fragment de souvenirs lanc\u00e9s comme des d\u00e9s, esquissant une cartographie intime de mon pass\u00e9.<\/p>\n\n\n\n<p class=\"has-text-align-left\">L\u2019av\u00e8nement de la navigation num\u00e9rique a rel\u00e9gu\u00e9 la carte routi\u00e8re \u00e0 l\u2019obsolescence, en faisant un objet vou\u00e9 \u00e0 dispara\u00eetre, \u00e0 l\u2019image de tant d\u2019autres \u00e9l\u00e9ments effac\u00e9s de mon \u00e9cosyst\u00e8me m\u00e9moriel. Pourtant, mes souvenirs ne s\u2019\u00e9vanouissent pas pour autant. Invisibles, ils demeurent.<\/p>\n\n\n\n<p class=\"has-text-align-left\">Les noms de villes inscrits sur cette carte \u2014 Strasbourg, Nice, Paris \u2014 ne sont pas de simples indications g\u00e9ographiques, mais des r\u00e9ceptacles du temps que j\u2019y ai v\u00e9cu. Chacun de ces lieux r\u00e9sonne comme un \u00e9cho de mon pass\u00e9, s\u2019ancrant dans ma m\u00e9moire et s\u2019y perp\u00e9tuant.<\/p>\n\n\n\n<p class=\"has-text-align-left\">Ma d\u00e9marche artistique s\u2019articule ainsi autour de cet \u00e9cosyst\u00e8me du souvenir, o\u00f9 espace et temporalit\u00e9 s\u2019entrelacent pour recomposer une cartographie sensible. \u00c0 travers ce travail, j\u2019explore la possibilit\u00e9 d\u2019un apaisement, voire d\u2019une r\u00e9conciliation, cherchant \u00e0 panser l\u2019empreinte du temps en moi et autour de moi.<\/p>\n\n\n\n<p>&nbsp;Hyunjoo CHOI<\/p>\n\n\n\n<p><\/p>\n","protected":false},"excerpt":{"rendered":"<p>Hyunjoo CHOI \u00c0 la recherche de la cit\u00e9 perdue Mon travail r\u00e9cent de dessin s\u2019inscrit dans une r\u00e9flexion sur la perte et la m\u00e9moire, n\u00e9e du poids oppressant d\u2019un monde o\u00f9 ce qui me semblait autrefois \u00e9vident ne l\u2019est plus. Pendant la p\u00e9riode du Covid, j\u2019ai ressenti cette privation avec acuit\u00e9 et me suis laiss\u00e9e [&hellip;]<\/p>\n","protected":false},"author":1,"featured_media":0,"parent":47,"menu_order":1,"comment_status":"closed","ping_status":"closed","template":"","meta":{"footnotes":""},"class_list":["post-6","page","type-page","status-publish","hentry"],"_links":{"self":[{"href":"https:\/\/hyunjoochoi.fr\/index.php?rest_route=\/wp\/v2\/pages\/6","targetHints":{"allow":["GET"]}}],"collection":[{"href":"https:\/\/hyunjoochoi.fr\/index.php?rest_route=\/wp\/v2\/pages"}],"about":[{"href":"https:\/\/hyunjoochoi.fr\/index.php?rest_route=\/wp\/v2\/types\/page"}],"author":[{"embeddable":true,"href":"https:\/\/hyunjoochoi.fr\/index.php?rest_route=\/wp\/v2\/users\/1"}],"replies":[{"embeddable":true,"href":"https:\/\/hyunjoochoi.fr\/index.php?rest_route=%2Fwp%2Fv2%2Fcomments&post=6"}],"version-history":[{"count":5,"href":"https:\/\/hyunjoochoi.fr\/index.php?rest_route=\/wp\/v2\/pages\/6\/revisions"}],"predecessor-version":[{"id":305,"href":"https:\/\/hyunjoochoi.fr\/index.php?rest_route=\/wp\/v2\/pages\/6\/revisions\/305"}],"up":[{"embeddable":true,"href":"https:\/\/hyunjoochoi.fr\/index.php?rest_route=\/wp\/v2\/pages\/47"}],"wp:attachment":[{"href":"https:\/\/hyunjoochoi.fr\/index.php?rest_route=%2Fwp%2Fv2%2Fmedia&parent=6"}],"curies":[{"name":"wp","href":"https:\/\/api.w.org\/{rel}","templated":true}]}}