{"id":31,"date":"2024-02-13T00:43:52","date_gmt":"2024-02-12T23:43:52","guid":{"rendered":"https:\/\/hyunjoochoi.fr\/?page_id=31"},"modified":"2025-04-23T22:32:09","modified_gmt":"2025-04-23T20:32:09","slug":"biographie","status":"publish","type":"page","link":"https:\/\/hyunjoochoi.fr\/?page_id=31","title":{"rendered":"Biographie"},"content":{"rendered":"\n<div class=\"wp-block-group alignfull has-global-padding is-layout-constrained wp-block-group-is-layout-constrained\">\n<div class=\"wp-block-cover alignfull is-light\" style=\"min-height:490px;aspect-ratio:unset;\"><span aria-hidden=\"true\" class=\"wp-block-cover__background has-background-dim-0 has-background-dim\"><\/span><img loading=\"lazy\" decoding=\"async\" width=\"2560\" height=\"2560\" class=\"wp-block-cover__image-background wp-image-134\" alt=\"\" src=\"http:\/\/hyunjoochoi.fr\/wp-content\/uploads\/2024\/02\/3-CHOI-scaled.jpg\" data-object-fit=\"cover\" srcset=\"https:\/\/hyunjoochoi.fr\/wp-content\/uploads\/2024\/02\/3-CHOI-scaled.jpg 2560w, https:\/\/hyunjoochoi.fr\/wp-content\/uploads\/2024\/02\/3-CHOI-300x300.jpg 300w, https:\/\/hyunjoochoi.fr\/wp-content\/uploads\/2024\/02\/3-CHOI-1024x1024.jpg 1024w, https:\/\/hyunjoochoi.fr\/wp-content\/uploads\/2024\/02\/3-CHOI-150x150.jpg 150w, https:\/\/hyunjoochoi.fr\/wp-content\/uploads\/2024\/02\/3-CHOI-768x768.jpg 768w, https:\/\/hyunjoochoi.fr\/wp-content\/uploads\/2024\/02\/3-CHOI-1536x1536.jpg 1536w, https:\/\/hyunjoochoi.fr\/wp-content\/uploads\/2024\/02\/3-CHOI-2048x2048.jpg 2048w\" sizes=\"auto, (max-width: 2560px) 100vw, 2560px\" \/><div class=\"wp-block-cover__inner-container is-layout-flow wp-block-cover-is-layout-flow\">\n<p class=\"has-text-align-center has-large-font-size\"><strong>BIOGRAPHIE<\/strong><\/p>\n<\/div><\/div>\n<\/div>\n\n\n\n<h2 class=\"wp-block-heading has-heading-font-family has-large-font-size\"><strong>Hyun Joo CHOI<\/strong><\/h2>\n\n\n\n<p class=\"has-small-font-size\" style=\"line-height:1.2\">Vit et travaille \u00e0 Paris<\/p>\n\n\n\n<p class=\"has-small-font-size\" style=\"line-height:1.2\">N\u00e9e \u00e0 S\u00e9oul, Cor\u00e9e du Sud<\/p>\n\n\n\n<p class=\"has-small-font-size\" style=\"line-height:1.2\">Ma\u00eetrise d\u2019Art plastique \u00e0 l\u2019universit\u00e9 de Strasbourg<\/p>\n\n\n\n<p><strong>EXPOSITIONS PERSONNELLES<\/strong><\/p>\n\n\n\n<p class=\"has-small-font-size\" style=\"line-height:1.2\">2023&nbsp;&nbsp;&nbsp;&nbsp; \u00ab&nbsp;Cit\u00e9 de la m\u00e9moire&nbsp;\u00bb, SeUn Art Space, S\u00e9oul, Cor\u00e9e du Sud<\/p>\n\n\n\n<p class=\"has-small-font-size\" style=\"line-height:1.2\">2012&nbsp;&nbsp;&nbsp;&nbsp; \u00ab&nbsp;Temps Dual&nbsp;\u00bb, Galerie 89, Paris<\/p>\n\n\n\n<p class=\"has-small-font-size\" style=\"line-height:1.2\">2006&nbsp;&nbsp;&nbsp;&nbsp; Art KARLSRUHE, salon international d\u2019art moderne, Allemagne<\/p>\n\n\n\n<p class=\"has-small-font-size\" style=\"line-height:1.2\">2006&nbsp;&nbsp;&nbsp;&nbsp; Art KARLSRUHE, salon international d\u2019art moderne, Allemagne<\/p>\n\n\n\n<p><strong>EXPOSITIONS COLLECTIVES<\/strong><\/p>\n\n\n\n<p class=\"has-small-font-size\" style=\"line-height:1.2\">2025\u00a0\u00a0\u00a0\u00a0 \u00ab\u00a0Les Contours du temps\u00a0\u00bb, Centre Culturel Cor\u00e9en, Paris, France<\/p>\n\n\n\n<p class=\"has-small-font-size\" style=\"line-height:1.2\">2024\u00a0\u00a0\u00a0\u00a0 \u00ab\u00a0L\u2019ECHO DES FORMES\u00a0\u00bb, Espace 24 Beaubourg, Paris, France<\/p>\n\n\n\n<p class=\"has-small-font-size\" style=\"line-height:1.2\">2024\u00a0\u00a0\u00a0\u00a0 \u00ab\u00a0Flex Modern\u00a0\u00bb, Mus\u00e9e d\u2019art de Gyeomjae Jeong Seon, S\u00e9oul, Cor\u00e9e du Sud<\/p>\n\n\n\n<p class=\"has-small-font-size\" style=\"line-height:1.2\">2024&nbsp;&nbsp;&nbsp;&nbsp; \u00ab&nbsp;COMPARAISONS&nbsp;\u00bb, Art Capital, Grand Palais Eph\u00e9m\u00e8re, Paris<\/p>\n\n\n\n<p class=\"has-small-font-size\" style=\"line-height:1.2\">2023&nbsp;&nbsp;&nbsp;&nbsp; \u00ab&nbsp;Paysages flottants&nbsp;\u00bb, Galerie Librairie Impressions, Paris<\/p>\n\n\n\n<p class=\"has-small-font-size\" style=\"line-height:1.2\">2023&nbsp;&nbsp;&nbsp;&nbsp; \u00ab&nbsp;Pyopi \u00bb, Art Salon de H, S\u00e9oul, Cor\u00e9e du Sud<\/p>\n\n\n\n<p class=\"has-small-font-size\" style=\"line-height:1.2\">2022&nbsp;&nbsp;&nbsp;&nbsp; \u00ab&nbsp;L\u2019\u00e9v\u00e8nement de la nuit&nbsp;\u00bb, Beaubourg gallery 24, Paris, France<\/p>\n\n\n\n<p class=\"has-small-font-size\" style=\"line-height:1.2\">2021&nbsp;&nbsp;&nbsp;&nbsp; \u00ab&nbsp;#SONAMOU&nbsp;\u00bb, Beaubourg gallery 24, Paris, France<\/p>\n\n\n\n<p class=\"has-small-font-size\" style=\"line-height:1.2\">2021&nbsp;&nbsp;&nbsp;&nbsp; \u00ab&nbsp;Retropective for the 30th anniversary of SONAMOU artists \u00bb, Centre Culturel Cor\u00e9en, Paris<\/p>\n\n\n\n<p class=\"has-small-font-size\" style=\"line-height:1.2\">2020&nbsp;&nbsp;&nbsp;&nbsp; \u00ab&nbsp;SONAMOU Artists exhibition&nbsp;\u00bb, Bastille design Centre, Paris<\/p>\n\n\n\n<p class=\"has-small-font-size\" style=\"line-height:1.2\">2019&nbsp;&nbsp;&nbsp;&nbsp; \u00ab&nbsp;Dakshinashitr Museum exhibition \u00bb, Chennai, India<\/p>\n\n\n\n<p class=\"has-small-font-size\" style=\"line-height:1.2\">2019&nbsp;&nbsp;&nbsp;&nbsp; \u00ab&nbsp;YEON : Onde immat\u00e9rielle&nbsp;\u00bb, Bastille design Centre, Paris<\/p>\n\n\n\n<p class=\"has-small-font-size\" style=\"line-height:1.2\">2018&nbsp;&nbsp;&nbsp;&nbsp; \u00ab&nbsp;GAN, Interstice&nbsp;\u00bb, Bastille Design Center, Paris<\/p>\n\n\n\n<p class=\"has-small-font-size\" style=\"line-height:1.2\">2018&nbsp;&nbsp;&nbsp;&nbsp; \u00ab&nbsp;TransForming&nbsp;\u00bb, Horizon gallery, Paris<\/p>\n\n\n\n<p class=\"has-small-font-size\" style=\"line-height:1.2\">2017&nbsp;&nbsp;&nbsp;&nbsp; \u00ab&nbsp;SONAMOU exhibition \u00bb, Bastille Design Center, Paris<\/p>\n\n\n\n<p class=\"has-small-font-size\" style=\"line-height:1.2\">2016&nbsp;&nbsp;&nbsp;&nbsp; \u00ab&nbsp;Interface&nbsp;\u00bb, Galerie Joongang media network, LA, US<\/p>\n\n\n\n<p class=\"has-small-font-size\" style=\"line-height:1.2\">2016&nbsp;&nbsp;&nbsp;&nbsp; \u00ab&nbsp;La COREE, entre tradition et modernit\u00e9&nbsp;\u00bb Maison des Arts, Antony, France<\/p>\n\n\n\n<p class=\"has-small-font-size\" style=\"line-height:1.2\">2016&nbsp;&nbsp;&nbsp;&nbsp; \u00ab&nbsp;Interface&nbsp;\u00bb, Galerie Joongang media network, LA, US<\/p>\n\n\n\n<p class=\"has-small-font-size\" style=\"line-height:1.2\">2016&nbsp;&nbsp;&nbsp;&nbsp; \u00ab&nbsp;la COREE, entre tradition et modernit\u00e9&nbsp;\u00bb Maison des Arts, Antony, France<\/p>\n\n\n\n<p class=\"has-small-font-size\" style=\"line-height:1.2\">2015&nbsp;&nbsp;&nbsp;&nbsp; \u00ab&nbsp;Interface&nbsp;\u00bb, Centre culturel Cor\u00e9en, Madrid, Spain&nbsp;&nbsp;&nbsp;&nbsp;&nbsp;&nbsp;&nbsp;&nbsp;&nbsp;<\/p>\n\n\n\n<p class=\"has-small-font-size\" style=\"line-height:1.2\">2015&nbsp;&nbsp;&nbsp;&nbsp; \u00ab&nbsp;Sens Crois\u00e9s&nbsp;\u00bb, Cit\u00e9e Internationale des Arts, Paris<\/p>\n\n\n\n<p class=\"has-small-font-size\" style=\"line-height:1.2\">2015&nbsp;&nbsp;&nbsp;&nbsp; \u00ab&nbsp;Entre L\u2019ABSTRACTION et LA FIGURATION \u00bb, Galerie Grand E\u2019terna, Paris<\/p>\n\n\n\n<p class=\"has-small-font-size\" style=\"line-height:1.2\">2014&nbsp;&nbsp;&nbsp;&nbsp; \u00ab&nbsp;SONAMOU, O\u00f9 est son \u00e2me&nbsp;?&nbsp;\u00bb, Cit\u00e9e Internationale des Arts, Paris<\/p>\n\n\n\n<p class=\"has-small-font-size\" style=\"line-height:1.2\">2013&nbsp;&nbsp;&nbsp;&nbsp; \u00ab&nbsp;FLEXI &#8211; METAL \u00bb, Galerie ARTPARK, Paris<\/p>\n\n\n\n<p class=\"has-small-font-size\" style=\"line-height:1.2\">2013&nbsp;&nbsp;&nbsp;&nbsp; Exposition du 30<sup>\u00e8me<\/sup> anniversaire de l\u2019AJAC, Cit\u00e9e Internationale des Arts, Paris<\/p>\n\n\n\n<p class=\"has-small-font-size\" style=\"line-height:1.2\">2012&nbsp;&nbsp;&nbsp;&nbsp; \u00ab&nbsp;SONAMOU&nbsp;\u00bb, Centre culturel Cor\u00e9en de New York<\/p>\n\n\n\n<p class=\"has-small-font-size\" style=\"line-height:1.2\">2011&nbsp;&nbsp;&nbsp;&nbsp; \u00ab&nbsp;Temps, Temps d\u2019apr\u00e8s&nbsp;\u00bb, Galerie 89, Paris<\/p>\n\n\n\n<p class=\"has-small-font-size\" style=\"line-height:1.2\">2010&nbsp;&nbsp;&nbsp;&nbsp; \u00ab&nbsp;Becoming&nbsp;\u00bb, Centre culturel Cor\u00e9en de Varsovie, Pologne<\/p>\n\n\n\n<p class=\"has-small-font-size\" style=\"line-height:1.2\">2009&nbsp;&nbsp;&nbsp;&nbsp; \u00ab&nbsp;LA-NY-Paris&nbsp;\u00bb, Centre culturel Cor\u00e9en de Los Angeles, US<\/p>\n\n\n\n<p class=\"has-small-font-size\" style=\"line-height:1.2\">200\u00ad8&nbsp;&nbsp;&nbsp;&nbsp; Salon NOVART, Villev\u00e8que, France<\/p>\n\n\n\n<p class=\"has-small-font-size\" style=\"line-height:1.2\">200\u00ad7&nbsp;&nbsp;&nbsp;&nbsp; \u00ab&nbsp;Les Passagers. N.Y. \u00bb, Hutchins Gallery, New-York<\/p>\n\n\n\n<p class=\"has-small-font-size\" style=\"line-height:1.2\">2007&nbsp;&nbsp;&nbsp;&nbsp; \u00ab&nbsp;Strates&nbsp;\u00bb, Centre culturel Cor\u00e9en, Paris<\/p>\n\n\n\n<p class=\"has-small-font-size\" style=\"line-height:1.2\">2007&nbsp;&nbsp;&nbsp;&nbsp; \u00ab&nbsp;Paris \u2013 New York&nbsp;\u00bb, The space world Gallery, New-York.<\/p>\n\n\n\n<p class=\"has-small-font-size\" style=\"line-height:1.2\">200\u00ad6&nbsp;&nbsp;&nbsp;&nbsp; \u00ab&nbsp;Si-Tsha&nbsp;\u00bb, Korea Press Center, S\u00e9oul.<\/p>\n\n\n\n<p class=\"has-small-font-size\" style=\"line-height:1.2\">2006&nbsp;&nbsp;&nbsp;&nbsp; \u00ab&nbsp;Ori-Occi&nbsp;\u00bb, Cit\u00e9 Internationale des Arts, Paris<\/p>\n\n\n\n<p class=\"has-small-font-size\" style=\"line-height:1.2\">2006&nbsp;&nbsp;&nbsp;&nbsp; \u00ab&nbsp;Quatre Artistes de Cor\u00e9e&nbsp;\u00bb, White Elephant Art Gallery, Paris<\/p>\n","protected":false},"excerpt":{"rendered":"<p>Hyun Joo CHOI Vit et travaille \u00e0 Paris N\u00e9e \u00e0 S\u00e9oul, Cor\u00e9e du Sud Ma\u00eetrise d\u2019Art plastique \u00e0 l\u2019universit\u00e9 de Strasbourg EXPOSITIONS PERSONNELLES 2023&nbsp;&nbsp;&nbsp;&nbsp; \u00ab&nbsp;Cit\u00e9 de la m\u00e9moire&nbsp;\u00bb, SeUn Art Space, S\u00e9oul, Cor\u00e9e du Sud 2012&nbsp;&nbsp;&nbsp;&nbsp; \u00ab&nbsp;Temps Dual&nbsp;\u00bb, Galerie 89, Paris 2006&nbsp;&nbsp;&nbsp;&nbsp; Art KARLSRUHE, salon international d\u2019art moderne, Allemagne 2006&nbsp;&nbsp;&nbsp;&nbsp; Art KARLSRUHE, salon international d\u2019art [&hellip;]<\/p>\n","protected":false},"author":1,"featured_media":0,"parent":0,"menu_order":3,"comment_status":"closed","ping_status":"closed","template":"","meta":{"footnotes":""},"class_list":["post-31","page","type-page","status-publish","hentry"],"_links":{"self":[{"href":"https:\/\/hyunjoochoi.fr\/index.php?rest_route=\/wp\/v2\/pages\/31","targetHints":{"allow":["GET"]}}],"collection":[{"href":"https:\/\/hyunjoochoi.fr\/index.php?rest_route=\/wp\/v2\/pages"}],"about":[{"href":"https:\/\/hyunjoochoi.fr\/index.php?rest_route=\/wp\/v2\/types\/page"}],"author":[{"embeddable":true,"href":"https:\/\/hyunjoochoi.fr\/index.php?rest_route=\/wp\/v2\/users\/1"}],"replies":[{"embeddable":true,"href":"https:\/\/hyunjoochoi.fr\/index.php?rest_route=%2Fwp%2Fv2%2Fcomments&post=31"}],"version-history":[{"count":13,"href":"https:\/\/hyunjoochoi.fr\/index.php?rest_route=\/wp\/v2\/pages\/31\/revisions"}],"predecessor-version":[{"id":324,"href":"https:\/\/hyunjoochoi.fr\/index.php?rest_route=\/wp\/v2\/pages\/31\/revisions\/324"}],"wp:attachment":[{"href":"https:\/\/hyunjoochoi.fr\/index.php?rest_route=%2Fwp%2Fv2%2Fmedia&parent=31"}],"curies":[{"name":"wp","href":"https:\/\/api.w.org\/{rel}","templated":true}]}}