{"id":102,"date":"2024-02-15T23:00:53","date_gmt":"2024-02-15T22:00:53","guid":{"rendered":"https:\/\/hyunjoochoi.fr\/?page_id=102"},"modified":"2024-02-16T13:15:50","modified_gmt":"2024-02-16T12:15:50","slug":"articles","status":"publish","type":"page","link":"https:\/\/hyunjoochoi.fr\/?page_id=102","title":{"rendered":"Articles"},"content":{"rendered":"\n<h1 class=\"wp-block-heading\">Articles<\/h1>\n\n\n\n<h2 class=\"wp-block-heading\" style=\"font-size:clamp(23.043px, 1.44rem + ((1vw - 3.2px) * 1.558), 38px);px;line-height:1.4\"><strong>Le cube perm\u00e9able<\/strong><\/h2>\n\n\n\n<div class=\"wp-block-columns is-layout-flex wp-container-core-columns-is-layout-28f84493 wp-block-columns-is-layout-flex\">\n<div class=\"wp-block-column is-layout-flow wp-block-column-is-layout-flow\">\n<p class=\"has-small-font-size\" style=\"line-height:1.6\">Sur les murs blancs de l&rsquo;atelier ses \u0153uvres sur papier s&rsquo;alignent \u00e0 la hauteur du regard comme une frise abstraite et reposante. Par ci par l\u00e0 des cubes pris dans des filets quadrill\u00e9s rose, bleu ou gris flottent. Le papier calque brouille l\u00e9g\u00e8rement I\u2019image et la figure du cube appara\u00eet en trois dimensions comme un ast\u00e9ro\u00efde dans l&rsquo;espace. ..<\/p>\n\n\n\n<p><a href=\"https:\/\/hyunjoochoi.fr\/?page_id=108\" data-type=\"page\" data-id=\"108\"><em>Lire la suite de l&rsquo;article &#8230;<\/em><\/a><\/p>\n<\/div>\n<\/div>\n\n\n\n<figure class=\"wp-block-image size-large\"><img loading=\"lazy\" decoding=\"async\" width=\"1024\" height=\"683\" src=\"http:\/\/hyunjoochoi.fr\/wp-content\/uploads\/2024\/02\/5M3_0060-modif-1024x683.jpg\" alt=\"\" class=\"wp-image-122\" srcset=\"https:\/\/hyunjoochoi.fr\/wp-content\/uploads\/2024\/02\/5M3_0060-modif-1024x683.jpg 1024w, https:\/\/hyunjoochoi.fr\/wp-content\/uploads\/2024\/02\/5M3_0060-modif-300x200.jpg 300w, https:\/\/hyunjoochoi.fr\/wp-content\/uploads\/2024\/02\/5M3_0060-modif-768x512.jpg 768w, https:\/\/hyunjoochoi.fr\/wp-content\/uploads\/2024\/02\/5M3_0060-modif-1536x1024.jpg 1536w, https:\/\/hyunjoochoi.fr\/wp-content\/uploads\/2024\/02\/5M3_0060-modif-2048x1366.jpg 2048w\" sizes=\"auto, (max-width: 1024px) 100vw, 1024px\" \/><\/figure>\n\n\n\n<div style=\"height:10px\" aria-hidden=\"true\" class=\"wp-block-spacer\"><\/div>\n","protected":false},"excerpt":{"rendered":"<p>Articles Le cube perm\u00e9able Sur les murs blancs de l&rsquo;atelier ses \u0153uvres sur papier s&rsquo;alignent \u00e0 la hauteur du regard comme une frise abstraite et reposante. Par ci par l\u00e0 des cubes pris dans des filets quadrill\u00e9s rose, bleu ou gris flottent. Le papier calque brouille l\u00e9g\u00e8rement I\u2019image et la figure du cube appara\u00eet en [&hellip;]<\/p>\n","protected":false},"author":1,"featured_media":97,"parent":0,"menu_order":3,"comment_status":"closed","ping_status":"closed","template":"","meta":{"footnotes":""},"class_list":["post-102","page","type-page","status-publish","has-post-thumbnail","hentry"],"_links":{"self":[{"href":"https:\/\/hyunjoochoi.fr\/index.php?rest_route=\/wp\/v2\/pages\/102","targetHints":{"allow":["GET"]}}],"collection":[{"href":"https:\/\/hyunjoochoi.fr\/index.php?rest_route=\/wp\/v2\/pages"}],"about":[{"href":"https:\/\/hyunjoochoi.fr\/index.php?rest_route=\/wp\/v2\/types\/page"}],"author":[{"embeddable":true,"href":"https:\/\/hyunjoochoi.fr\/index.php?rest_route=\/wp\/v2\/users\/1"}],"replies":[{"embeddable":true,"href":"https:\/\/hyunjoochoi.fr\/index.php?rest_route=%2Fwp%2Fv2%2Fcomments&post=102"}],"version-history":[{"count":10,"href":"https:\/\/hyunjoochoi.fr\/index.php?rest_route=\/wp\/v2\/pages\/102\/revisions"}],"predecessor-version":[{"id":183,"href":"https:\/\/hyunjoochoi.fr\/index.php?rest_route=\/wp\/v2\/pages\/102\/revisions\/183"}],"wp:featuredmedia":[{"embeddable":true,"href":"https:\/\/hyunjoochoi.fr\/index.php?rest_route=\/wp\/v2\/media\/97"}],"wp:attachment":[{"href":"https:\/\/hyunjoochoi.fr\/index.php?rest_route=%2Fwp%2Fv2%2Fmedia&parent=102"}],"curies":[{"name":"wp","href":"https:\/\/api.w.org\/{rel}","templated":true}]}}